{"id":386,"date":"2020-06-03T22:06:59","date_gmt":"2020-06-03T20:06:59","guid":{"rendered":"http:\/\/bv-photographie.fr\/?page_id=386"},"modified":"2020-11-08T11:10:09","modified_gmt":"2020-11-08T10:10:09","slug":"quelques-images","status":"publish","type":"page","link":"https:\/\/bv-photographie.fr\/index.php\/quelques-images\/","title":{"rendered":"Quelques Images"},"content":{"rendered":"\n<p>En cliquant sur les liens ci-dessous ou dans le menu de t\u00eate, vous acc\u00e8derez \u00e0 des exemples d&rsquo;images que j&rsquo;ai d\u00e9j\u00e0 r\u00e9alis\u00e9es.<\/p>\n\n\n\n<p>Lors d&rsquo;une s\u00e9ance, je prends chaque photo en mode Brut (RAW) puis, une fois la s\u00e9ance termin\u00e9e, je traite une \u00e0 une chaque image pour en optimiser le rendu. Il ne s&rsquo;agit pas de retouche photo mais bel et bien de \u00ab\u00a0d\u00e9veloppement num\u00e9rique\u00a0\u00bb avant de convertir les images en fichier JPEG.<\/p>\n\n\n\n<p>J&rsquo;utilise deux bo\u00eetiers \u00e0 capteur plein format 24&#215;36 de 21 \u00e0 31 Mpix, les images supportent ais\u00e9ment des tirages en tr\u00e8s grand format papier.<\/p>\n\n\n\n<p>Je suis \u00e0 votre disposition pour toute question.<\/p>\n\n\n\n<figure class=\"wp-block-image size-large is-resized is-style-rounded\"><a href=\"http:\/\/bv-photographie.fr\/index.php\/photos-de-mariage\/\"><img loading=\"lazy\" decoding=\"async\" src=\"http:\/\/bv-photographie.fr\/wp-content\/uploads\/2020\/06\/13072013-LS5A5387-1024x683.jpg\" alt=\"\" class=\"wp-image-258\" width=\"285\" height=\"189\" srcset=\"https:\/\/bv-photographie.fr\/wp-content\/uploads\/2020\/06\/13072013-LS5A5387-1024x683.jpg 1024w, https:\/\/bv-photographie.fr\/wp-content\/uploads\/2020\/06\/13072013-LS5A5387-300x200.jpg 300w, https:\/\/bv-photographie.fr\/wp-content\/uploads\/2020\/06\/13072013-LS5A5387-768x512.jpg 768w, https:\/\/bv-photographie.fr\/wp-content\/uploads\/2020\/06\/13072013-LS5A5387.jpg 1267w\" sizes=\"auto, (max-width: 285px) 100vw, 285px\" \/><\/a><figcaption><em>Mariages &#8211; Des pr\u00e9paratifs jusqu&rsquo;au bout de la nuit<\/em><\/figcaption><\/figure>\n\n\n\n<figure class=\"wp-block-image size-large is-resized is-style-rounded\"><a href=\"http:\/\/bv-photographie.fr\/index.php\/quelques-images\/sports-outdoor\/\"><img loading=\"lazy\" decoding=\"async\" src=\"http:\/\/bv-photographie.fr\/wp-content\/uploads\/2020\/06\/IMGL8476_DxO-1024x683.jpg\" alt=\"\" class=\"wp-image-368\" width=\"287\" height=\"190\" srcset=\"https:\/\/bv-photographie.fr\/wp-content\/uploads\/2020\/06\/IMGL8476_DxO-1024x683.jpg 1024w, https:\/\/bv-photographie.fr\/wp-content\/uploads\/2020\/06\/IMGL8476_DxO-300x200.jpg 300w, https:\/\/bv-photographie.fr\/wp-content\/uploads\/2020\/06\/IMGL8476_DxO-768x512.jpg 768w, https:\/\/bv-photographie.fr\/wp-content\/uploads\/2020\/06\/IMGL8476_DxO.jpg 1267w\" sizes=\"auto, (max-width: 287px) 100vw, 287px\" \/><\/a><figcaption><em>Sports &amp; Outdoor &#8211; Ev\u00e9nements, Produits,&#8230;<\/em><\/figcaption><\/figure>\n\n\n\n<figure class=\"wp-block-image size-large is-resized is-style-rounded\"><a href=\"http:\/\/bv-photographie.fr\/index.php\/quelques-images\/portraits\"><img loading=\"lazy\" decoding=\"async\" src=\"http:\/\/bv-photographie.fr\/wp-content\/uploads\/2020\/06\/29112016-LS5A3026-1024x576.jpg\" alt=\"\" class=\"wp-image-411\" width=\"289\" height=\"162\" srcset=\"https:\/\/bv-photographie.fr\/wp-content\/uploads\/2020\/06\/29112016-LS5A3026-1024x576.jpg 1024w, https:\/\/bv-photographie.fr\/wp-content\/uploads\/2020\/06\/29112016-LS5A3026-300x169.jpg 300w, https:\/\/bv-photographie.fr\/wp-content\/uploads\/2020\/06\/29112016-LS5A3026-768x432.jpg 768w, https:\/\/bv-photographie.fr\/wp-content\/uploads\/2020\/06\/29112016-LS5A3026-625x350.jpg 625w, https:\/\/bv-photographie.fr\/wp-content\/uploads\/2020\/06\/29112016-LS5A3026.jpg 1267w\" sizes=\"auto, (max-width: 289px) 100vw, 289px\" \/><\/a><figcaption><em>Portraits &amp; Famille &#8211; s\u00e9ances en int\u00e9rieur, ext\u00e9rieur, \u00e9v\u00e9nements familiaux<\/em>,&#8230;<\/figcaption><\/figure>\n\n\n\n<figure class=\"wp-block-image size-large is-resized is-style-rounded\"><a href=\"http:\/\/bv-photographie.fr\/index.php\/quelques-images\/corporate\/?preview_id=406&amp;preview_nonce=2dc9f29f4f&amp;preview=true\"><img loading=\"lazy\" decoding=\"async\" src=\"http:\/\/bv-photographie.fr\/wp-content\/uploads\/2020\/06\/12012017-LS5A5950-1024x576.jpg\" alt=\"\" class=\"wp-image-439\" width=\"292\" height=\"164\" srcset=\"https:\/\/bv-photographie.fr\/wp-content\/uploads\/2020\/06\/12012017-LS5A5950-1024x576.jpg 1024w, https:\/\/bv-photographie.fr\/wp-content\/uploads\/2020\/06\/12012017-LS5A5950-300x169.jpg 300w, https:\/\/bv-photographie.fr\/wp-content\/uploads\/2020\/06\/12012017-LS5A5950-768x432.jpg 768w, https:\/\/bv-photographie.fr\/wp-content\/uploads\/2020\/06\/12012017-LS5A5950-625x350.jpg 625w, https:\/\/bv-photographie.fr\/wp-content\/uploads\/2020\/06\/12012017-LS5A5950.jpg 1267w\" sizes=\"auto, (max-width: 292px) 100vw, 292px\" \/><\/a><figcaption><em>Corporate &#8211; \u00e9v\u00e9nements soci\u00e9t\u00e9<\/em>, &#8230;<\/figcaption><\/figure>\n","protected":false},"excerpt":{"rendered":"<p>En cliquant sur les liens ci-dessous ou dans le menu de t\u00eate, vous acc\u00e8derez \u00e0 des exemples d&rsquo;images que j&rsquo;ai d\u00e9j\u00e0 r\u00e9alis\u00e9es. Lors d&rsquo;une s\u00e9ance, je prends chaque photo en mode Brut (RAW) puis, une fois la s\u00e9ance termin\u00e9e, je traite une \u00e0 une chaque image pour en optimiser le rendu. Il ne s&rsquo;agit pas &hellip; <\/p>\n<p class=\"link-more\"><a href=\"https:\/\/bv-photographie.fr\/index.php\/quelques-images\/\" class=\"more-link\">Continuer la lecture<span class=\"screen-reader-text\"> de &laquo;&nbsp;Quelques Images&nbsp;&raquo;<\/span><\/a><\/p>\n","protected":false},"author":1,"featured_media":0,"parent":0,"menu_order":0,"comment_status":"closed","ping_status":"closed","template":"","meta":{"footnotes":""},"class_list":["post-386","page","type-page","status-publish","hentry"],"yoast_head":"<!-- This site is optimized with the Yoast SEO plugin v15.1.1 - https:\/\/yoast.com\/wordpress\/plugins\/seo\/ -->\n<title>Quelques Images - Boris Vigaud Photographie - Vercors<\/title>\n<meta name=\"robots\" content=\"index, follow, max-snippet:-1, max-image-preview:large, max-video-preview:-1\" \/>\n<link rel=\"canonical\" href=\"https:\/\/bv-photographie.fr\/index.php\/quelques-images\/\" \/>\n<meta property=\"og:locale\" content=\"fr_FR\" \/>\n<meta property=\"og:type\" content=\"article\" \/>\n<meta property=\"og:title\" content=\"Quelques Images - Boris Vigaud Photographie - Vercors\" \/>\n<meta property=\"og:description\" content=\"En cliquant sur les liens ci-dessous ou dans le menu de t\u00eate, vous acc\u00e8derez \u00e0 des exemples d&rsquo;images que j&rsquo;ai d\u00e9j\u00e0 r\u00e9alis\u00e9es. Lors d&rsquo;une s\u00e9ance, je prends chaque photo en mode Brut (RAW) puis, une fois la s\u00e9ance termin\u00e9e, je traite une \u00e0 une chaque image pour en optimiser le rendu. Il ne s&rsquo;agit pas &hellip; Continuer la lecture de &laquo;&nbsp;Quelques Images&nbsp;&raquo;\" \/>\n<meta property=\"og:url\" content=\"https:\/\/bv-photographie.fr\/index.php\/quelques-images\/\" \/>\n<meta property=\"og:site_name\" content=\"Boris Vigaud Photographie - Vercors\" \/>\n<meta property=\"article:author\" content=\"https:\/\/www.facebook.com\/bvphotographiefr\" \/>\n<meta property=\"article:modified_time\" content=\"2020-11-08T10:10:09+00:00\" \/>\n<meta property=\"og:image\" content=\"http:\/\/bv-photographie.fr\/wp-content\/uploads\/2020\/06\/13072013-LS5A5387-1024x683.jpg\" \/>\n<meta name=\"twitter:card\" content=\"summary_large_image\" \/>\n<script type=\"application\/ld+json\" class=\"yoast-schema-graph\">{\"@context\":\"https:\/\/schema.org\",\"@graph\":[{\"@type\":\"WebSite\",\"@id\":\"https:\/\/bv-photographie.fr\/#website\",\"url\":\"https:\/\/bv-photographie.fr\/\",\"name\":\"Boris Vigaud photographe Villard-De-Lans Vercors\",\"description\":\"\",\"potentialAction\":[{\"@type\":\"SearchAction\",\"target\":\"https:\/\/bv-photographie.fr\/?s={search_term_string}\",\"query-input\":\"required name=search_term_string\"}],\"inLanguage\":\"fr-FR\"},{\"@type\":\"ImageObject\",\"@id\":\"https:\/\/bv-photographie.fr\/index.php\/quelques-images\/#primaryimage\",\"inLanguage\":\"fr-FR\",\"url\":\"http:\/\/bv-photographie.fr\/wp-content\/uploads\/2020\/06\/13072013-LS5A5387-1024x683.jpg\"},{\"@type\":\"WebPage\",\"@id\":\"https:\/\/bv-photographie.fr\/index.php\/quelques-images\/#webpage\",\"url\":\"https:\/\/bv-photographie.fr\/index.php\/quelques-images\/\",\"name\":\"Quelques Images - Boris Vigaud Photographie - Vercors\",\"isPartOf\":{\"@id\":\"https:\/\/bv-photographie.fr\/#website\"},\"primaryImageOfPage\":{\"@id\":\"https:\/\/bv-photographie.fr\/index.php\/quelques-images\/#primaryimage\"},\"datePublished\":\"2020-06-03T20:06:59+00:00\",\"dateModified\":\"2020-11-08T10:10:09+00:00\",\"inLanguage\":\"fr-FR\",\"potentialAction\":[{\"@type\":\"ReadAction\",\"target\":[\"https:\/\/bv-photographie.fr\/index.php\/quelques-images\/\"]}]}]}<\/script>\n<!-- \/ Yoast SEO plugin. -->","_links":{"self":[{"href":"https:\/\/bv-photographie.fr\/index.php\/wp-json\/wp\/v2\/pages\/386","targetHints":{"allow":["GET"]}}],"collection":[{"href":"https:\/\/bv-photographie.fr\/index.php\/wp-json\/wp\/v2\/pages"}],"about":[{"href":"https:\/\/bv-photographie.fr\/index.php\/wp-json\/wp\/v2\/types\/page"}],"author":[{"embeddable":true,"href":"https:\/\/bv-photographie.fr\/index.php\/wp-json\/wp\/v2\/users\/1"}],"replies":[{"embeddable":true,"href":"https:\/\/bv-photographie.fr\/index.php\/wp-json\/wp\/v2\/comments?post=386"}],"version-history":[{"count":10,"href":"https:\/\/bv-photographie.fr\/index.php\/wp-json\/wp\/v2\/pages\/386\/revisions"}],"predecessor-version":[{"id":842,"href":"https:\/\/bv-photographie.fr\/index.php\/wp-json\/wp\/v2\/pages\/386\/revisions\/842"}],"wp:attachment":[{"href":"https:\/\/bv-photographie.fr\/index.php\/wp-json\/wp\/v2\/media?parent=386"}],"curies":[{"name":"wp","href":"https:\/\/api.w.org\/{rel}","templated":true}]}}